


{"id":4245,"date":"2025-06-30T19:42:39","date_gmt":"2025-06-30T17:42:39","guid":{"rendered":"https:\/\/bolles-koeche.de\/?page_id=4245"},"modified":"2025-08-07T15:12:01","modified_gmt":"2025-08-07T13:12:01","slug":"barrierefreiheitserklaerung","status":"publish","type":"page","link":"https:\/\/bolles-koeche.de\/en\/barrierefreiheitserklaerung\/","title":{"rendered":"Barrierefreiheitserkl\u00e4rung"},"content":{"rendered":"<div class=\"wpb-content-wrapper\"><p>[vc_row][vc_column css=&#8221;.vc_custom_1751305377264{margin-top: 80px !important;}&#8221;][vc_column_text css=&#8221;.vc_custom_1754572309141{margin-bottom: 100px !important;}&#8221;]<\/p>\n<h1>Erkl\u00e4rung zur Barrierefreiheit f\u00fcr Dienstleistungen<\/h1>\n<p>Im Rahmen unserer Barrierefreiheitserkl\u00e4rung m\u00f6chten wir Ihnen einen \u00dcberblick \u00fcber den Stand der Vereinbarkeit der unten beschriebenen Dienstleistung(en) mit den Anforderungen der Barrierefreiheit nach gesetzlichen Vorschriften (insbesondere mit dem Barrierefreiheitsst\u00e4rkungsgesetz \u2013 BFSG) geben.<\/p>\n<h2>Angaben zum Dienstleistungserbringer<\/h2>\n<p>Abion Hotel Verwaltungs GmbH &amp; Co. Betriebs KG<br \/>\nAlt-Moabit 99<br \/>\n10559 Berlin<br \/>\nBerlin<\/p>\n<h2>Allgemeine Beschreibung der Dienstleistung<\/h2>\n<p>Informationen und Kontaktm\u00f6glichkeiten zu unseren Cateringdienstleistungen \u00fcber unsere Website https:\/\/bolles-koeche.de.<\/p>\n<h2>Erl\u00e4uterungen zur Durchf\u00fchrung der Dienstleistung<\/h2>\n<p>Auf unserer Website bolles-koeche.de finden Sie Informationen zu unseren Catering-Dienstleistungen als Text und PDF sowie unsere Kontaktinformationen (Mail, Telefon). Wir verlinken auf unsere Partner-Location Bolles Fests\u00e4le (bolle-meierei.com).<\/p>\n<p>Sie haben die M\u00f6glichkeit, auf unserer Website \u00fcber ein Kontaktformular Ihr Event bei uns anzufragen.<\/p>\n<h2>Stand der Vereinbarkeit mit den Anforderungen<\/h2>\n<p>Die oben genannte Dienstleistung ist vollst\u00e4ndig mit dem Barrierefreiheitsst\u00e4rkungsgesetz (BFSG) vereinbar.<\/p>\n<h2>Erstellung der Barrierefreiheitserkl\u00e4rung<\/h2>\n<p>Datum der Erstellung der Barrierefreiheitserkl\u00e4rung: 07.08.2025<br \/>\nDatum der letzten \u00dcberpr\u00fcfung der o. g. Leistungen hinsichtlich der Anforderungen zur Barrierefreiheit: 07.08.2025<\/p>\n<h2>Einsch\u00e4tzung zum Stand der Barrierefreiheit<\/h2>\n<p>Die Einsch\u00e4tzung zum Stand der Barrierefreiheit beruht auf unserer Selbsteinsch\u00e4tzung.<\/p>\n<h2>Feedbackm\u00f6glichkeit und Kontaktangaben<\/h2>\n<p>Adresse:<br \/>\nDreispringer GmbH<br \/>\nKurf\u00fcrstenstra\u00dfe 33<br \/>\n10785 Berlin<\/p>\n<p>E-Mail: technik@dreispringer.berlin<\/p>\n<p>Telefon: +49 (0) 30 \/ 25 75 860<\/p>\n<p>Link zur Website: <a href=\"https:\/\/dreispringer.de\/\">https:\/\/dreispringer.de\/<\/a><\/p>\n<h2>Zust\u00e4ndige Markt\u00fcberwachungsbeh\u00f6rde<\/h2>\n<p>Markt\u00fcberwachungsstelle der L\u00e4nder f\u00fcr die Barrierefreiheit von Produkten und Dienstleistungen (MLBF)<\/p>\n<p>Telefon: + 49 (0) 391 567 6970<br \/>\nE-Mail: mlbf@ms.sachsen-anhalt.de<\/p>\n<p>Informationen zur aktuellen Adresse des MLBF finden Sie hier: <a href=\"https:\/\/ms.sachsen-anhalt.de\/themen\/menschen-mit-behinderungen\/aktuelles\/marktueberwachungsstelle-der-laender-fuer-die-barrierefreiheit-von-produkten-und-dienstleistungen\" target=\"_blank\" rel=\"noopener noreferrer\">https:\/\/ms.sachsen-anhalt.de\/themen\/menschen-mit-behinderungen\/aktuelles\/marktueberwachungsstelle-der-laender-fuer-die-barrierefreiheit-von-produkten-und-dienstleistungen<\/a>.[\/vc_column_text][\/vc_column][\/vc_row]<\/p>\n<\/div>","protected":false},"excerpt":{"rendered":"<p>[vc_row][vc_column css=&#8221;.vc_custom_1751305377264{margin-top: 80px !important;}&#8221;][vc_column_text css=&#8221;.vc_custom_1754572309141{margin-bottom: 100px !important;}&#8221;] Erkl\u00e4rung zur Barrierefreiheit f\u00fcr Dienstleistungen Im Rahmen unserer Barrierefreiheitserkl\u00e4rung m\u00f6chten wir Ihnen einen \u00dcberblick \u00fcber den Stand der Vereinbarkeit der unten beschriebenen Dienstleistung(en) [&hellip;]<\/p>\n","protected":false},"author":3,"featured_media":0,"parent":0,"menu_order":0,"comment_status":"closed","ping_status":"closed","template":"","meta":{"footnotes":""},"class_list":["post-4245","page","type-page","status-publish","hentry"],"yoast_head":"<!-- This site is optimized with the Yoast SEO plugin v27.3 - https:\/\/yoast.com\/product\/yoast-seo-wordpress\/ -->\n<title>Barrierefreiheitserkl\u00e4rung | BOLLES K\u00d6CHE<\/title>\n<meta name=\"robots\" content=\"index, follow, max-snippet:-1, max-image-preview:large, max-video-preview:-1\" \/>\n<link rel=\"canonical\" href=\"https:\/\/bolles-koeche.de\/en\/barrierefreiheitserklaerung\/\" \/>\n<meta property=\"og:locale\" content=\"en_US\" \/>\n<meta property=\"og:type\" content=\"article\" \/>\n<meta property=\"og:title\" content=\"Barrierefreiheitserkl\u00e4rung | BOLLES K\u00d6CHE\" \/>\n<meta property=\"og:description\" content=\"[vc_row][vc_column css=&#8221;.vc_custom_1751305377264{margin-top: 80px !important;}&#8221;][vc_column_text css=&#8221;.vc_custom_1754572309141{margin-bottom: 100px !important;}&#8221;] Erkl\u00e4rung zur Barrierefreiheit f\u00fcr Dienstleistungen Im Rahmen unserer Barrierefreiheitserkl\u00e4rung m\u00f6chten wir Ihnen einen \u00dcberblick \u00fcber den Stand der Vereinbarkeit der unten beschriebenen Dienstleistung(en) [&hellip;]\" \/>\n<meta property=\"og:url\" content=\"https:\/\/bolles-koeche.de\/en\/barrierefreiheitserklaerung\/\" \/>\n<meta property=\"og:site_name\" content=\"BOLLES K\u00d6CHE\" \/>\n<meta property=\"article:modified_time\" content=\"2025-08-07T13:12:01+00:00\" \/>\n<meta property=\"og:image\" content=\"https:\/\/bolles-koeche.de\/wp-content\/uploads\/2023\/11\/BollesKoeche-49.png\" \/>\n\t<meta property=\"og:image:width\" content=\"800\" \/>\n\t<meta property=\"og:image:height\" content=\"533\" \/>\n\t<meta property=\"og:image:type\" content=\"image\/png\" \/>\n<meta name=\"twitter:card\" content=\"summary_large_image\" \/>\n<meta name=\"twitter:label1\" content=\"Est. reading time\" \/>\n\t<meta name=\"twitter:data1\" content=\"2 minutes\" \/>\n<script type=\"application\/ld+json\" class=\"yoast-schema-graph\">{\"@context\":\"https:\\\/\\\/schema.org\",\"@graph\":[{\"@type\":\"WebPage\",\"@id\":\"https:\\\/\\\/bolles-koeche.de\\\/en\\\/barrierefreiheitserklaerung\\\/\",\"url\":\"https:\\\/\\\/bolles-koeche.de\\\/en\\\/barrierefreiheitserklaerung\\\/\",\"name\":\"Barrierefreiheitserkl\u00e4rung | BOLLES K\u00d6CHE\",\"isPartOf\":{\"@id\":\"https:\\\/\\\/bolles-koeche.de\\\/en\\\/#website\"},\"datePublished\":\"2025-06-30T17:42:39+00:00\",\"dateModified\":\"2025-08-07T13:12:01+00:00\",\"breadcrumb\":{\"@id\":\"https:\\\/\\\/bolles-koeche.de\\\/en\\\/barrierefreiheitserklaerung\\\/#breadcrumb\"},\"inLanguage\":\"en-US\",\"potentialAction\":[{\"@type\":\"ReadAction\",\"target\":[\"https:\\\/\\\/bolles-koeche.de\\\/en\\\/barrierefreiheitserklaerung\\\/\"]}]},{\"@type\":\"BreadcrumbList\",\"@id\":\"https:\\\/\\\/bolles-koeche.de\\\/en\\\/barrierefreiheitserklaerung\\\/#breadcrumb\",\"itemListElement\":[{\"@type\":\"ListItem\",\"position\":1,\"name\":\"Startseite\",\"item\":\"https:\\\/\\\/bolles-koeche.de\\\/en\\\/\"},{\"@type\":\"ListItem\",\"position\":2,\"name\":\"Barrierefreiheitserkl\u00e4rung\"}]},{\"@type\":\"WebSite\",\"@id\":\"https:\\\/\\\/bolles-koeche.de\\\/en\\\/#website\",\"url\":\"https:\\\/\\\/bolles-koeche.de\\\/en\\\/\",\"name\":\"BOLLES K\u00d6CHE\",\"description\":\"Gekochte Eventkunst\",\"alternateName\":\"Bolles K\u00f6che\",\"potentialAction\":[{\"@type\":\"SearchAction\",\"target\":{\"@type\":\"EntryPoint\",\"urlTemplate\":\"https:\\\/\\\/bolles-koeche.de\\\/en\\\/?s={search_term_string}\"},\"query-input\":{\"@type\":\"PropertyValueSpecification\",\"valueRequired\":true,\"valueName\":\"search_term_string\"}}],\"inLanguage\":\"en-US\"}]}<\/script>\n<!-- \/ Yoast SEO plugin. -->","yoast_head_json":{"title":"Barrierefreiheitserkl\u00e4rung | BOLLES K\u00d6CHE","robots":{"index":"index","follow":"follow","max-snippet":"max-snippet:-1","max-image-preview":"max-image-preview:large","max-video-preview":"max-video-preview:-1"},"canonical":"https:\/\/bolles-koeche.de\/en\/barrierefreiheitserklaerung\/","og_locale":"en_US","og_type":"article","og_title":"Barrierefreiheitserkl\u00e4rung | BOLLES K\u00d6CHE","og_description":"[vc_row][vc_column css=&#8221;.vc_custom_1751305377264{margin-top: 80px !important;}&#8221;][vc_column_text css=&#8221;.vc_custom_1754572309141{margin-bottom: 100px !important;}&#8221;] Erkl\u00e4rung zur Barrierefreiheit f\u00fcr Dienstleistungen Im Rahmen unserer Barrierefreiheitserkl\u00e4rung m\u00f6chten wir Ihnen einen \u00dcberblick \u00fcber den Stand der Vereinbarkeit der unten beschriebenen Dienstleistung(en) [&hellip;]","og_url":"https:\/\/bolles-koeche.de\/en\/barrierefreiheitserklaerung\/","og_site_name":"BOLLES K\u00d6CHE","article_modified_time":"2025-08-07T13:12:01+00:00","og_image":[{"width":800,"height":533,"url":"https:\/\/bolles-koeche.de\/wp-content\/uploads\/2023\/11\/BollesKoeche-49.png","type":"image\/png"}],"twitter_card":"summary_large_image","twitter_misc":{"Est. reading time":"2 minutes"},"schema":{"@context":"https:\/\/schema.org","@graph":[{"@type":"WebPage","@id":"https:\/\/bolles-koeche.de\/en\/barrierefreiheitserklaerung\/","url":"https:\/\/bolles-koeche.de\/en\/barrierefreiheitserklaerung\/","name":"Barrierefreiheitserkl\u00e4rung | BOLLES K\u00d6CHE","isPartOf":{"@id":"https:\/\/bolles-koeche.de\/en\/#website"},"datePublished":"2025-06-30T17:42:39+00:00","dateModified":"2025-08-07T13:12:01+00:00","breadcrumb":{"@id":"https:\/\/bolles-koeche.de\/en\/barrierefreiheitserklaerung\/#breadcrumb"},"inLanguage":"en-US","potentialAction":[{"@type":"ReadAction","target":["https:\/\/bolles-koeche.de\/en\/barrierefreiheitserklaerung\/"]}]},{"@type":"BreadcrumbList","@id":"https:\/\/bolles-koeche.de\/en\/barrierefreiheitserklaerung\/#breadcrumb","itemListElement":[{"@type":"ListItem","position":1,"name":"Startseite","item":"https:\/\/bolles-koeche.de\/en\/"},{"@type":"ListItem","position":2,"name":"Barrierefreiheitserkl\u00e4rung"}]},{"@type":"WebSite","@id":"https:\/\/bolles-koeche.de\/en\/#website","url":"https:\/\/bolles-koeche.de\/en\/","name":"BOLLES K\u00d6CHE","description":"Gekochte Eventkunst","alternateName":"Bolles K\u00f6che","potentialAction":[{"@type":"SearchAction","target":{"@type":"EntryPoint","urlTemplate":"https:\/\/bolles-koeche.de\/en\/?s={search_term_string}"},"query-input":{"@type":"PropertyValueSpecification","valueRequired":true,"valueName":"search_term_string"}}],"inLanguage":"en-US"}]}},"_links":{"self":[{"href":"https:\/\/bolles-koeche.de\/en\/wp-json\/wp\/v2\/pages\/4245","targetHints":{"allow":["GET"]}}],"collection":[{"href":"https:\/\/bolles-koeche.de\/en\/wp-json\/wp\/v2\/pages"}],"about":[{"href":"https:\/\/bolles-koeche.de\/en\/wp-json\/wp\/v2\/types\/page"}],"author":[{"embeddable":true,"href":"https:\/\/bolles-koeche.de\/en\/wp-json\/wp\/v2\/users\/3"}],"replies":[{"embeddable":true,"href":"https:\/\/bolles-koeche.de\/en\/wp-json\/wp\/v2\/comments?post=4245"}],"version-history":[{"count":14,"href":"https:\/\/bolles-koeche.de\/en\/wp-json\/wp\/v2\/pages\/4245\/revisions"}],"predecessor-version":[{"id":4345,"href":"https:\/\/bolles-koeche.de\/en\/wp-json\/wp\/v2\/pages\/4245\/revisions\/4345"}],"wp:attachment":[{"href":"https:\/\/bolles-koeche.de\/en\/wp-json\/wp\/v2\/media?parent=4245"}],"curies":[{"name":"wp","href":"https:\/\/api.w.org\/{rel}","templated":true}]}}